{"id":253,"date":"2015-12-28T06:30:18","date_gmt":"2015-12-28T06:30:18","guid":{"rendered":"http:\/\/www.kinderfestival-konz.de\/?page_id=253"},"modified":"2019-07-29T23:02:20","modified_gmt":"2019-07-29T23:02:20","slug":"kinderflohmarkt","status":"publish","type":"page","link":"https:\/\/www.kinderfestival-konz.de\/?page_id=253","title":{"rendered":"Kinderflohmarkt"},"content":{"rendered":"<table border=\"0\" width=\"580\">\n<tbody>\n<tr>\n<td>\n<h2>Kinderflohmarkt Konz 2019<\/h2>\n<\/td>\n<\/tr>\n<tr>\n<td>\n<hr \/>\n<\/td>\n<\/tr>\n<tr>\n<td>\n<p><img decoding=\"async\" loading=\"lazy\" class=\"alignnone wp-image-382\" src=\"https:\/\/www.kinderfestival-konz.de\/wp-content\/uploads\/2015\/12\/DSC6495-Small-1.jpg\" alt=\"\" width=\"610\" height=\"407\" srcset=\"https:\/\/www.kinderfestival-konz.de\/wp-content\/uploads\/2015\/12\/DSC6495-Small-1.jpg 720w, https:\/\/www.kinderfestival-konz.de\/wp-content\/uploads\/2015\/12\/DSC6495-Small-1-300x200.jpg 300w\" sizes=\"(max-width: 610px) 100vw, 610px\" \/><\/p>\n<\/td>\n<\/tr>\n<tr>\n<td>\n<p>Das diesj\u00e4hrige Kinderfestival am 08.09.2019 bietet\u00a0erneut in diesem Jahr\u00a0den gr\u00f6\u00dften Kinderflohmarkt in Konz an.<\/p>\n<p>Bummel, St\u00f6bern und Feilschen hei\u00dft es nicht mehr nur f\u00fcr die gro\u00dfen Besucher und Besucherinnen w\u00e4hrend dem verkaufsoffenen Sonntag und dem gleichzeitig stattfindenden Kinderfestival in Konz, sondern auch bei den kleinen Besucher und Besucherinnen.\u00a0<\/p>\n<p><strong>Verkaufen statt wegzuwerfen und gleichzeitig das Taschengeld aufbessern.<\/strong><\/p>\n<p>F\u00fcr Kinder und Eltern bietet sich von 13:00 &#8211; 18:00 Uhr w\u00e4hrend dem Kinderfestival die Gelegenheit, B\u00fccher, Brettspiele oder sonstige Spielsachen selbst zu verkaufen. <\/p>\n<p>Das Jugendnetzwerk Konz als Veranstalter des Kinderfestivals bietet hierzu Standfl\u00e4chen an, um die sich Kinder und deren Eltern noch bis zum <strong>04.09.<\/strong> bewerben und unter der Telefonnummer 9 40 50 anmelden k\u00f6nnen.<\/p>\n<\/td>\n<\/tr>\n<tr>\n<td>&nbsp;<\/td>\n<\/tr>\n<tr>\n<td>&nbsp;<\/td>\n<\/tr>\n<\/tbody>\n<\/table>\n<p>&nbsp;<\/p>\n","protected":false},"excerpt":{"rendered":"<p>Kinderflohmarkt Konz 2019 Das diesj\u00e4hrige Kinderfestival am 08.09.2019 bietet\u00a0erneut in diesem Jahr\u00a0den gr\u00f6\u00dften Kinderflohmarkt in Konz an. Bummel, St\u00f6bern und Feilschen hei\u00dft es nicht mehr nur f\u00fcr die gro\u00dfen Besucher und Besucherinnen w\u00e4hrend dem verkaufsoffenen Sonntag und dem gleichzeitig stattfindenden Kinderfestival in Konz, sondern auch bei den kleinen Besucher und Besucherinnen.\u00a0 Verkaufen statt wegzuwerfen und [&hellip;]<\/p>\n","protected":false},"author":1,"featured_media":0,"parent":0,"menu_order":0,"comment_status":"closed","ping_status":"closed","template":"","meta":{"footnotes":""},"_links":{"self":[{"href":"https:\/\/www.kinderfestival-konz.de\/index.php?rest_route=\/wp\/v2\/pages\/253"}],"collection":[{"href":"https:\/\/www.kinderfestival-konz.de\/index.php?rest_route=\/wp\/v2\/pages"}],"about":[{"href":"https:\/\/www.kinderfestival-konz.de\/index.php?rest_route=\/wp\/v2\/types\/page"}],"author":[{"embeddable":true,"href":"https:\/\/www.kinderfestival-konz.de\/index.php?rest_route=\/wp\/v2\/users\/1"}],"replies":[{"embeddable":true,"href":"https:\/\/www.kinderfestival-konz.de\/index.php?rest_route=%2Fwp%2Fv2%2Fcomments&post=253"}],"version-history":[{"count":10,"href":"https:\/\/www.kinderfestival-konz.de\/index.php?rest_route=\/wp\/v2\/pages\/253\/revisions"}],"predecessor-version":[{"id":667,"href":"https:\/\/www.kinderfestival-konz.de\/index.php?rest_route=\/wp\/v2\/pages\/253\/revisions\/667"}],"wp:attachment":[{"href":"https:\/\/www.kinderfestival-konz.de\/index.php?rest_route=%2Fwp%2Fv2%2Fmedia&parent=253"}],"curies":[{"name":"wp","href":"https:\/\/api.w.org\/{rel}","templated":true}]}}