{"id":247,"date":"2015-12-28T06:27:19","date_gmt":"2015-12-28T06:27:19","guid":{"rendered":"http:\/\/www.kinderfestival-konz.de\/?page_id=247"},"modified":"2018-05-30T08:43:50","modified_gmt":"2018-05-30T08:43:50","slug":"impressum","status":"publish","type":"page","link":"https:\/\/www.kinderfestival-konz.de\/?page_id=247","title":{"rendered":"Impressum"},"content":{"rendered":"<table width=\"620\">\n<tbody>\n<tr style=\"height: 24px;\">\n<td style=\"height: 24px;\" colspan=\"2\"><strong>Impressum<\/strong><\/td>\n<\/tr>\n<tr style=\"height: 24px;\">\n<td style=\"height: 24px;\" colspan=\"2\">\n<hr \/>\n<\/td>\n<\/tr>\n<tr style=\"height: 24px;\">\n<td style=\"height: 24px;\" colspan=\"2\">Das Kinderfestival Konz ist eine Veranstaltung des &#8220;<strong>Jugendnetzwerk Konz e.V. &#8220;<\/strong><\/td>\n<\/tr>\n<tr style=\"height: 24px;\">\n<td style=\"height: 24px;\" colspan=\"2\">\n<p><span style=\"text-decoration: underline;\">Gesch\u00e4ftsstelle:<\/span><\/p>\n<p>Olkstra\u00dfe 45<\/p>\n<p>54329 Konz<\/p>\n<\/td>\n<\/tr>\n<tr style=\"height: 24px;\">\n<td style=\"width: 250px;\">Gesch\u00e4ftsf\u00fchrer:<\/td>\n<td style=\"width: 350px;\">Dietmar Grundheber<\/td>\n<\/tr>\n<tr style=\"height: 2px;\">\n<td style=\"height: 2px;\">\n<p>Fon:<\/p>\n<\/td>\n<td style=\"height: 2px;\">+49 6501 &#8211; 94050<\/td>\n<\/tr>\n<tr style=\"height: 24px;\">\n<td style=\"height: 24px;\">Fax:<\/td>\n<td style=\"height: 24px;\">+49 6501 &#8211; 940555<\/td>\n<\/tr>\n<tr style=\"height: 24px;\">\n<td style=\"height: 24px;\">Email:<\/td>\n<td style=\"height: 24px;\">info @ junetko.de<\/td>\n<\/tr>\n<tr style=\"height: 24px;\">\n<td style=\"height: 24px;\">\u00a0<\/td>\n<td style=\"height: 24px;\">\u00a0<\/td>\n<\/tr>\n<tr style=\"height: 24px;\">\n<td style=\"height: 24px;\">Vertretungsberechtigter Vorstand:<\/td>\n<td style=\"height: 24px; vertical-align: top;\">Guido Wacht (Vorsitzender)<\/td>\n<\/tr>\n<tr style=\"height: 24px;\">\n<td style=\"height: 24px;\">\u00a0<\/td>\n<td style=\"height: 24px; vertical-align: top;\">\u00a0<\/td>\n<\/tr>\n<tr style=\"height: 24px;\">\n<td style=\"vertical-align: top;\">Inhaltlich Verantwortlicher gem\u00e4\u00df \u00a7 10 Absatz 3 MDStV:<\/td>\n<td style=\"text-align: left; vertical-align: top;\">\n<p>Dietmar Grundheber<\/p>\n<\/td>\n<\/tr>\n<tr style=\"height: 24px;\">\n<td style=\"height: 24px;\">\u00a0<\/td>\n<td style=\"height: 24px; vertical-align: top;\">\u00a0<\/td>\n<\/tr>\n<tr style=\"height: 152px;\">\n<td style=\"height: 152px;\" colspan=\"2\">Haftungshinweis:<\/p>\n<p>Trotz sorgf\u00e4ltiger inhaltlicher Kontrolle \u00fcbernehmen wir keine Haftung f\u00fcr die Inhalte externer Links. F\u00fcr den Inhalt der verlinkten Seiten sind ausschlie\u00dflich deren Betreiber verantwortlich.<\/p>\n<\/td>\n<\/tr>\n<\/tbody>\n<\/table>\n<p>&nbsp;<\/p>\n","protected":false},"excerpt":{"rendered":"<p>Impressum Das Kinderfestival Konz ist eine Veranstaltung des &#8220;Jugendnetzwerk Konz e.V. &#8220; Gesch\u00e4ftsstelle: Olkstra\u00dfe 45 54329 Konz Gesch\u00e4ftsf\u00fchrer: Dietmar Grundheber Fon: +49 6501 &#8211; 94050 Fax: +49 6501 &#8211; 940555 Email: info @ junetko.de \u00a0 \u00a0 Vertretungsberechtigter Vorstand: Guido Wacht (Vorsitzender) \u00a0 \u00a0 Inhaltlich Verantwortlicher gem\u00e4\u00df \u00a7 10 Absatz 3 MDStV: Dietmar Grundheber \u00a0 \u00a0 [&hellip;]<\/p>\n","protected":false},"author":1,"featured_media":0,"parent":0,"menu_order":0,"comment_status":"closed","ping_status":"closed","template":"","meta":{"footnotes":""},"_links":{"self":[{"href":"https:\/\/www.kinderfestival-konz.de\/index.php?rest_route=\/wp\/v2\/pages\/247"}],"collection":[{"href":"https:\/\/www.kinderfestival-konz.de\/index.php?rest_route=\/wp\/v2\/pages"}],"about":[{"href":"https:\/\/www.kinderfestival-konz.de\/index.php?rest_route=\/wp\/v2\/types\/page"}],"author":[{"embeddable":true,"href":"https:\/\/www.kinderfestival-konz.de\/index.php?rest_route=\/wp\/v2\/users\/1"}],"replies":[{"embeddable":true,"href":"https:\/\/www.kinderfestival-konz.de\/index.php?rest_route=%2Fwp%2Fv2%2Fcomments&post=247"}],"version-history":[{"count":20,"href":"https:\/\/www.kinderfestival-konz.de\/index.php?rest_route=\/wp\/v2\/pages\/247\/revisions"}],"predecessor-version":[{"id":651,"href":"https:\/\/www.kinderfestival-konz.de\/index.php?rest_route=\/wp\/v2\/pages\/247\/revisions\/651"}],"wp:attachment":[{"href":"https:\/\/www.kinderfestival-konz.de\/index.php?rest_route=%2Fwp%2Fv2%2Fmedia&parent=247"}],"curies":[{"name":"wp","href":"https:\/\/api.w.org\/{rel}","templated":true}]}}