{"id":10,"date":"2015-12-27T14:54:51","date_gmt":"2015-12-27T14:54:51","guid":{"rendered":"http:\/\/www.kinderfestival-konz.de\/?page_id=10"},"modified":"2023-06-02T11:36:33","modified_gmt":"2023-06-02T11:36:33","slug":"aktuelles","status":"publish","type":"page","link":"https:\/\/www.kinderfestival-konz.de\/","title":{"rendered":"Aktuelles"},"content":{"rendered":"<table id=\"_mc_tmp\" style=\"width: 100%; height: 1631px;\" border=\"0\" width=\"620\" cellspacing=\"1\" cellpadding=\"0\">\n<tbody>\n<tr style=\"height: 631px;\">\n<td id=\"_mc_tmp\" style=\"vertical-align: top;\" colspan=\"3\">Gro\u00dfe Augen machen i.d.R. alle gro\u00dfen und kleinen Besucher*innen, wenn Sie zum Kinderfestival nach Konz kommen.<\/p>\n<p>Alle zwei Jahre verwandelt das Jugendnetzwerk Konz im Rahmen der Woche der Kinderrechte in Rheinland-Pfalz im Auftrag der Stadt Konz und in Zusammenarbeit mit dem Konzer Stadtmarketing die Konzer Innenstadt in ein riesiges Spieleparadies f\u00fcr Kinder und Familien.<\/p>\n<p>Spannendes, Unerwartetes, Kreatives und ganz viel zum Mitmachen gibt es von 13 &#8211; 18 Uhr auf den Pl\u00e4tzen rund um das Konzer Rathaus. Eine bunte Vielfalt f\u00fcr Kinder aller Altersstufen und ihre Begleiter.<\/p>\n<p><strong>Spiel(t)r\u00e4ume rund ums Rathaus in Konz!<\/strong><\/p>\n<p>Besondere Attraktionen beim gr\u00f6\u00dften Spielfest der Region werden die mobile Kletterwand, das Bungeetrampolin, der Kinder Hochseilgarten, das Tigerenten Rodeo, das Kreativzelt oder das Airbrush Tattoostudio u.v.m. bilden. Dar\u00fcber hinaus werden H\u00fcpfburgen f\u00fcr verschiedene Altersgruppen, die Kartonstadt oder ein xxl Sandkasten und vieles mehr die Kinder begeistern. Und dies bei freiem Eintritt.<\/p>\n<p>Alternativ k\u00f6nnen Sie auch gerne unsere Spielaktionen und -angebote des &#8220;Spielmobil Konz&#8221; besuchen.<\/p>\n<p>Bis dahin w\u00fcnschen wir allen Interessierten eine gute Zeit und bleibt gesund.<\/td>\n<\/tr>\n<tr style=\"height: 287px;\">\n<td style=\"height: 287px;\" colspan=\"3\"><\/td>\n<\/tr>\n<\/tbody>\n<\/table>\n","protected":false},"excerpt":{"rendered":"<p>Gro\u00dfe Augen machen i.d.R. alle gro\u00dfen und kleinen Besucher*innen, wenn Sie zum Kinderfestival nach Konz kommen. Alle zwei Jahre verwandelt das Jugendnetzwerk Konz im Rahmen der Woche der Kinderrechte in Rheinland-Pfalz im Auftrag der Stadt Konz und in Zusammenarbeit mit dem Konzer Stadtmarketing die Konzer Innenstadt in ein riesiges Spieleparadies f\u00fcr Kinder und Familien. Spannendes, [&hellip;]<\/p>\n","protected":false},"author":1,"featured_media":0,"parent":0,"menu_order":0,"comment_status":"closed","ping_status":"closed","template":"","meta":{"footnotes":""},"_links":{"self":[{"href":"https:\/\/www.kinderfestival-konz.de\/index.php?rest_route=\/wp\/v2\/pages\/10"}],"collection":[{"href":"https:\/\/www.kinderfestival-konz.de\/index.php?rest_route=\/wp\/v2\/pages"}],"about":[{"href":"https:\/\/www.kinderfestival-konz.de\/index.php?rest_route=\/wp\/v2\/types\/page"}],"author":[{"embeddable":true,"href":"https:\/\/www.kinderfestival-konz.de\/index.php?rest_route=\/wp\/v2\/users\/1"}],"replies":[{"embeddable":true,"href":"https:\/\/www.kinderfestival-konz.de\/index.php?rest_route=%2Fwp%2Fv2%2Fcomments&post=10"}],"version-history":[{"count":44,"href":"https:\/\/www.kinderfestival-konz.de\/index.php?rest_route=\/wp\/v2\/pages\/10\/revisions"}],"predecessor-version":[{"id":780,"href":"https:\/\/www.kinderfestival-konz.de\/index.php?rest_route=\/wp\/v2\/pages\/10\/revisions\/780"}],"wp:attachment":[{"href":"https:\/\/www.kinderfestival-konz.de\/index.php?rest_route=%2Fwp%2Fv2%2Fmedia&parent=10"}],"curies":[{"name":"wp","href":"https:\/\/api.w.org\/{rel}","templated":true}]}}